{"id":3209,"date":"2025-01-27T08:06:44","date_gmt":"2025-01-27T13:06:44","guid":{"rendered":"https:\/\/bestpanamatourss.com\/?page_id=3209"},"modified":"2025-01-30T06:43:38","modified_gmt":"2025-01-30T11:43:38","slug":"pagos","status":"publish","type":"page","link":"https:\/\/bestpanamatourss.com\/en\/pagos\/","title":{"rendered":"PAGOS"},"content":{"rendered":"<div data-elementor-type=\"wp-page\" data-elementor-id=\"3209\" class=\"elementor elementor-3209\" data-elementor-post-type=\"page\">\n\t\t\t\t<div class=\"elementor-element elementor-element-826a623 e-flex e-con-boxed e-con e-parent\" data-id=\"826a623\" data-element_type=\"container\" data-settings=\"{&quot;background_background&quot;:&quot;gradient&quot;}\">\n\t\t\t\t\t<div class=\"e-con-inner\">\n\t\t\t\t\t<\/div>\n\t\t\t\t<\/div>\n\t\t<div class=\"elementor-element elementor-element-2fb77af2 e-flex e-con-boxed e-con e-parent\" data-id=\"2fb77af2\" data-element_type=\"container\" data-settings=\"{&quot;background_background&quot;:&quot;classic&quot;}\">\n\t\t\t\t\t<div class=\"e-con-inner\">\n\t\t<div class=\"elementor-element elementor-element-61b957e7 e-con-full e-flex e-con e-child\" data-id=\"61b957e7\" data-element_type=\"container\">\n\t\t\t\t<div class=\"elementor-element elementor-element-1c9ab77b elementor-widget elementor-widget-heading\" data-id=\"1c9ab77b\" data-element_type=\"widget\" data-widget_type=\"heading.default\">\n\t\t\t\t<div class=\"elementor-widget-container\">\n\t\t\t\t\t<h2 class=\"elementor-heading-title elementor-size-default\">Pagar aqu\u00ed<\/h2>\t\t\t\t<\/div>\n\t\t\t\t<\/div>\n\t\t<div class=\"elementor-element elementor-element-39bf0d6 e-grid e-con-full e-con e-child\" data-id=\"39bf0d6\" data-element_type=\"container\">\n\t\t\t\t<div class=\"elementor-element elementor-element-b391360 elementor-widget__width-inherit elementor-widget-mobile__width-inherit elementor-align-center elementor-icon-list--layout-traditional elementor-list-item-link-full_width elementor-widget elementor-widget-icon-list\" data-id=\"b391360\" data-element_type=\"widget\" data-widget_type=\"icon-list.default\">\n\t\t\t\t<div class=\"elementor-widget-container\">\n\t\t\t\t\t\t\t<ul class=\"elementor-icon-list-items\">\n\t\t\t\t\t\t\t<li class=\"elementor-icon-list-item\">\n\t\t\t\t\t\t\t\t\t\t\t<span class=\"elementor-icon-list-icon\">\n\t\t\t\t\t\t\t<svg aria-hidden=\"true\" class=\"e-font-icon-svg e-fab-cc-visa\" viewbox=\"0 0 576 512\" xmlns=\"http:\/\/www.w3.org\/2000\/svg\"><path d=\"M470.1 231.3s7.6 37.2 9.3 45H446c3.3-8.9 16-43.5 16-43.5-.2.3 3.3-9.1 5.3-14.9l2.8 13.4zM576 80v352c0 26.5-21.5 48-48 48H48c-26.5 0-48-21.5-48-48V80c0-26.5 21.5-48 48-48h480c26.5 0 48 21.5 48 48zM152.5 331.2L215.7 176h-42.5l-39.3 106-4.3-21.5-14-71.4c-2.3-9.9-9.4-12.7-18.2-13.1H32.7l-.7 3.1c15.8 4 29.9 9.8 42.2 17.1l35.8 135h42.5zm94.4.2L272.1 176h-40.2l-25.1 155.4h40.1zm139.9-50.8c.2-17.7-10.6-31.2-33.7-42.3-14.1-7.1-22.7-11.9-22.7-19.2.2-6.6 7.3-13.4 23.1-13.4 13.1-.3 22.7 2.8 29.9 5.9l3.6 1.7 5.5-33.6c-7.9-3.1-20.5-6.6-36-6.6-39.7 0-67.6 21.2-67.8 51.4-.3 22.3 20 34.7 35.2 42.2 15.5 7.6 20.8 12.6 20.8 19.3-.2 10.4-12.6 15.2-24.1 15.2-16 0-24.6-2.5-37.7-8.3l-5.3-2.5-5.6 34.9c9.4 4.3 26.8 8.1 44.8 8.3 42.2.1 69.7-20.8 70-53zM528 331.4L495.6 176h-31.1c-9.6 0-16.9 2.8-21 12.9l-59.7 142.5H426s6.9-19.2 8.4-23.3H486c1.2 5.5 4.8 23.3 4.8 23.3H528z\"><\/path><\/svg>\t\t\t\t\t\t<\/span>\n\t\t\t\t\t\t\t\t\t\t<span class=\"elementor-icon-list-text\"><\/span>\n\t\t\t\t\t\t\t\t\t<\/li>\n\t\t\t\t\t\t<\/ul>\n\t\t\t\t\t\t<\/div>\n\t\t\t\t<\/div>\n\t\t\t\t<div class=\"elementor-element elementor-element-b29cf05 elementor-widget__width-inherit elementor-widget-mobile__width-inherit elementor-align-center elementor-icon-list--layout-traditional elementor-list-item-link-full_width elementor-widget elementor-widget-icon-list\" data-id=\"b29cf05\" data-element_type=\"widget\" data-widget_type=\"icon-list.default\">\n\t\t\t\t<div class=\"elementor-widget-container\">\n\t\t\t\t\t\t\t<ul class=\"elementor-icon-list-items\">\n\t\t\t\t\t\t\t<li class=\"elementor-icon-list-item\">\n\t\t\t\t\t\t\t\t\t\t\t<span class=\"elementor-icon-list-icon\">\n\t\t\t\t\t\t\t<svg aria-hidden=\"true\" class=\"e-font-icon-svg e-fab-cc-mastercard\" viewbox=\"0 0 576 512\" xmlns=\"http:\/\/www.w3.org\/2000\/svg\"><path d=\"M482.9 410.3c0 6.8-4.6 11.7-11.2 11.7-6.8 0-11.2-5.2-11.2-11.7 0-6.5 4.4-11.7 11.2-11.7 6.6 0 11.2 5.2 11.2 11.7zm-310.8-11.7c-7.1 0-11.2 5.2-11.2 11.7 0 6.5 4.1 11.7 11.2 11.7 6.5 0 10.9-4.9 10.9-11.7-.1-6.5-4.4-11.7-10.9-11.7zm117.5-.3c-5.4 0-8.7 3.5-9.5 8.7h19.1c-.9-5.7-4.4-8.7-9.6-8.7zm107.8.3c-6.8 0-10.9 5.2-10.9 11.7 0 6.5 4.1 11.7 10.9 11.7 6.8 0 11.2-4.9 11.2-11.7 0-6.5-4.4-11.7-11.2-11.7zm105.9 26.1c0 .3.3.5.3 1.1 0 .3-.3.5-.3 1.1-.3.3-.3.5-.5.8-.3.3-.5.5-1.1.5-.3.3-.5.3-1.1.3-.3 0-.5 0-1.1-.3-.3 0-.5-.3-.8-.5-.3-.3-.5-.5-.5-.8-.3-.5-.3-.8-.3-1.1 0-.5 0-.8.3-1.1 0-.5.3-.8.5-1.1.3-.3.5-.3.8-.5.5-.3.8-.3 1.1-.3.5 0 .8 0 1.1.3.5.3.8.3 1.1.5s.2.6.5 1.1zm-2.2 1.4c.5 0 .5-.3.8-.3.3-.3.3-.5.3-.8 0-.3 0-.5-.3-.8-.3 0-.5-.3-1.1-.3h-1.6v3.5h.8V426h.3l1.1 1.4h.8l-1.1-1.3zM576 81v352c0 26.5-21.5 48-48 48H48c-26.5 0-48-21.5-48-48V81c0-26.5 21.5-48 48-48h480c26.5 0 48 21.5 48 48zM64 220.6c0 76.5 62.1 138.5 138.5 138.5 27.2 0 53.9-8.2 76.5-23.1-72.9-59.3-72.4-171.2 0-230.5-22.6-15-49.3-23.1-76.5-23.1-76.4-.1-138.5 62-138.5 138.2zm224 108.8c70.5-55 70.2-162.2 0-217.5-70.2 55.3-70.5 162.6 0 217.5zm-142.3 76.3c0-8.7-5.7-14.4-14.7-14.7-4.6 0-9.5 1.4-12.8 6.5-2.4-4.1-6.5-6.5-12.2-6.5-3.8 0-7.6 1.4-10.6 5.4V392h-8.2v36.7h8.2c0-18.9-2.5-30.2 9-30.2 10.2 0 8.2 10.2 8.2 30.2h7.9c0-18.3-2.5-30.2 9-30.2 10.2 0 8.2 10 8.2 30.2h8.2v-23zm44.9-13.7h-7.9v4.4c-2.7-3.3-6.5-5.4-11.7-5.4-10.3 0-18.2 8.2-18.2 19.3 0 11.2 7.9 19.3 18.2 19.3 5.2 0 9-1.9 11.7-5.4v4.6h7.9V392zm40.5 25.6c0-15-22.9-8.2-22.9-15.2 0-5.7 11.9-4.8 18.5-1.1l3.3-6.5c-9.4-6.1-30.2-6-30.2 8.2 0 14.3 22.9 8.3 22.9 15 0 6.3-13.5 5.8-20.7.8l-3.5 6.3c11.2 7.6 32.6 6 32.6-7.5zm35.4 9.3l-2.2-6.8c-3.8 2.1-12.2 4.4-12.2-4.1v-16.6h13.1V392h-13.1v-11.2h-8.2V392h-7.6v7.3h7.6V416c0 17.6 17.3 14.4 22.6 10.9zm13.3-13.4h27.5c0-16.2-7.4-22.6-17.4-22.6-10.6 0-18.2 7.9-18.2 19.3 0 20.5 22.6 23.9 33.8 14.2l-3.8-6c-7.8 6.4-19.6 5.8-21.9-4.9zm59.1-21.5c-4.6-2-11.6-1.8-15.2 4.4V392h-8.2v36.7h8.2V408c0-11.6 9.5-10.1 12.8-8.4l2.4-7.6zm10.6 18.3c0-11.4 11.6-15.1 20.7-8.4l3.8-6.5c-11.6-9.1-32.7-4.1-32.7 15 0 19.8 22.4 23.8 32.7 15l-3.8-6.5c-9.2 6.5-20.7 2.6-20.7-8.6zm66.7-18.3H408v4.4c-8.3-11-29.9-4.8-29.9 13.9 0 19.2 22.4 24.7 29.9 13.9v4.6h8.2V392zm33.7 0c-2.4-1.2-11-2.9-15.2 4.4V392h-7.9v36.7h7.9V408c0-11 9-10.3 12.8-8.4l2.4-7.6zm40.3-14.9h-7.9v19.3c-8.2-10.9-29.9-5.1-29.9 13.9 0 19.4 22.5 24.6 29.9 13.9v4.6h7.9v-51.7zm7.6-75.1v4.6h.8V302h1.9v-.8h-4.6v.8h1.9zm6.6 123.8c0-.5 0-1.1-.3-1.6-.3-.3-.5-.8-.8-1.1-.3-.3-.8-.5-1.1-.8-.5 0-1.1-.3-1.6-.3-.3 0-.8.3-1.4.3-.5.3-.8.5-1.1.8-.5.3-.8.8-.8 1.1-.3.5-.3 1.1-.3 1.6 0 .3 0 .8.3 1.4 0 .3.3.8.8 1.1.3.3.5.5 1.1.8.5.3 1.1.3 1.4.3.5 0 1.1 0 1.6-.3.3-.3.8-.5 1.1-.8.3-.3.5-.8.8-1.1.3-.6.3-1.1.3-1.4zm3.2-124.7h-1.4l-1.6 3.5-1.6-3.5h-1.4v5.4h.8v-4.1l1.6 3.5h1.1l1.4-3.5v4.1h1.1v-5.4zm4.4-80.5c0-76.2-62.1-138.3-138.5-138.3-27.2 0-53.9 8.2-76.5 23.1 72.1 59.3 73.2 171.5 0 230.5 22.6 15 49.5 23.1 76.5 23.1 76.4.1 138.5-61.9 138.5-138.4z\"><\/path><\/svg>\t\t\t\t\t\t<\/span>\n\t\t\t\t\t\t\t\t\t\t<span class=\"elementor-icon-list-text\"><\/span>\n\t\t\t\t\t\t\t\t\t<\/li>\n\t\t\t\t\t\t<\/ul>\n\t\t\t\t\t\t<\/div>\n\t\t\t\t<\/div>\n\t\t\t\t<div class=\"elementor-element elementor-element-2b568c0 elementor-widget__width-inherit elementor-widget-mobile__width-inherit elementor-align-center elementor-icon-list--layout-traditional elementor-list-item-link-full_width elementor-widget elementor-widget-icon-list\" data-id=\"2b568c0\" data-element_type=\"widget\" data-widget_type=\"icon-list.default\">\n\t\t\t\t<div class=\"elementor-widget-container\">\n\t\t\t\t\t\t\t<ul class=\"elementor-icon-list-items\">\n\t\t\t\t\t\t\t<li class=\"elementor-icon-list-item\">\n\t\t\t\t\t\t\t\t\t\t\t<span class=\"elementor-icon-list-icon\">\n\t\t\t\t\t\t\t<svg aria-hidden=\"true\" class=\"e-font-icon-svg e-fab-cc-paypal\" viewbox=\"0 0 576 512\" xmlns=\"http:\/\/www.w3.org\/2000\/svg\"><path d=\"M186.3 258.2c0 12.2-9.7 21.5-22 21.5-9.2 0-16-5.2-16-15 0-12.2 9.5-22 21.7-22 9.3 0 16.3 5.7 16.3 15.5zM80.5 209.7h-4.7c-1.5 0-3 1-3.2 2.7l-4.3 26.7 8.2-.3c11 0 19.5-1.5 21.5-14.2 2.3-13.4-6.2-14.9-17.5-14.9zm284 0H360c-1.8 0-3 1-3.2 2.7l-4.2 26.7 8-.3c13 0 22-3 22-18-.1-10.6-9.6-11.1-18.1-11.1zM576 80v352c0 26.5-21.5 48-48 48H48c-26.5 0-48-21.5-48-48V80c0-26.5 21.5-48 48-48h480c26.5 0 48 21.5 48 48zM128.3 215.4c0-21-16.2-28-34.7-28h-40c-2.5 0-5 2-5.2 4.7L32 294.2c-.3 2 1.2 4 3.2 4h19c2.7 0 5.2-2.9 5.5-5.7l4.5-26.6c1-7.2 13.2-4.7 18-4.7 28.6 0 46.1-17 46.1-45.8zm84.2 8.8h-19c-3.8 0-4 5.5-4.2 8.2-5.8-8.5-14.2-10-23.7-10-24.5 0-43.2 21.5-43.2 45.2 0 19.5 12.2 32.2 31.7 32.2 9 0 20.2-4.9 26.5-11.9-.5 1.5-1 4.7-1 6.2 0 2.3 1 4 3.2 4H200c2.7 0 5-2.9 5.5-5.7l10.2-64.3c.3-1.9-1.2-3.9-3.2-3.9zm40.5 97.9l63.7-92.6c.5-.5.5-1 .5-1.7 0-1.7-1.5-3.5-3.2-3.5h-19.2c-1.7 0-3.5 1-4.5 2.5l-26.5 39-11-37.5c-.8-2.2-3-4-5.5-4h-18.7c-1.7 0-3.2 1.8-3.2 3.5 0 1.2 19.5 56.8 21.2 62.1-2.7 3.8-20.5 28.6-20.5 31.6 0 1.8 1.5 3.2 3.2 3.2h19.2c1.8-.1 3.5-1.1 4.5-2.6zm159.3-106.7c0-21-16.2-28-34.7-28h-39.7c-2.7 0-5.2 2-5.5 4.7l-16.2 102c-.2 2 1.3 4 3.2 4h20.5c2 0 3.5-1.5 4-3.2l4.5-29c1-7.2 13.2-4.7 18-4.7 28.4 0 45.9-17 45.9-45.8zm84.2 8.8h-19c-3.8 0-4 5.5-4.3 8.2-5.5-8.5-14-10-23.7-10-24.5 0-43.2 21.5-43.2 45.2 0 19.5 12.2 32.2 31.7 32.2 9.3 0 20.5-4.9 26.5-11.9-.3 1.5-1 4.7-1 6.2 0 2.3 1 4 3.2 4H484c2.7 0 5-2.9 5.5-5.7l10.2-64.3c.3-1.9-1.2-3.9-3.2-3.9zm47.5-33.3c0-2-1.5-3.5-3.2-3.5h-18.5c-1.5 0-3 1.2-3.2 2.7l-16.2 104-.3.5c0 1.8 1.5 3.5 3.5 3.5h16.5c2.5 0 5-2.9 5.2-5.7L544 191.2v-.3zm-90 51.8c-12.2 0-21.7 9.7-21.7 22 0 9.7 7 15 16.2 15 12 0 21.7-9.2 21.7-21.5.1-9.8-6.9-15.5-16.2-15.5z\"><\/path><\/svg>\t\t\t\t\t\t<\/span>\n\t\t\t\t\t\t\t\t\t\t<span class=\"elementor-icon-list-text\"><\/span>\n\t\t\t\t\t\t\t\t\t<\/li>\n\t\t\t\t\t\t<\/ul>\n\t\t\t\t\t\t<\/div>\n\t\t\t\t<\/div>\n\t\t\t\t<\/div>\n\t\t\t\t<div class=\"elementor-element elementor-element-5806a57 elementor-align-center animated-slow elementor-invisible elementor-widget elementor-widget-button\" data-id=\"5806a57\" data-element_type=\"widget\" data-settings=\"{&quot;_animation&quot;:&quot;fadeIn&quot;,&quot;_animation_delay&quot;:600,&quot;_animation_mobile&quot;:&quot;bounceIn&quot;}\" data-widget_type=\"button.default\">\n\t\t\t\t<div class=\"elementor-widget-container\">\n\t\t\t\t\t\t\t\t\t<div class=\"elementor-button-wrapper\">\n\t\t\t\t\t<a class=\"elementor-button elementor-button-link elementor-size-sm elementor-animation-hang\" href=\"https:\/\/checkout.paguelofacil.com\/bestpanamatours\">\n\t\t\t\t\t\t<span class=\"elementor-button-content-wrapper\">\n\t\t\t\t\t\t\t\t\t<span class=\"elementor-button-text\">PAYMENT LINK<\/span>\n\t\t\t\t\t<\/span>\n\t\t\t\t\t<\/a>\n\t\t\t\t<\/div>\n\t\t\t\t\t\t\t\t<\/div>\n\t\t\t\t<\/div>\n\t\t\t\t<\/div>\n\t\t<div class=\"elementor-element elementor-element-4d2dfff6 e-con-full e-flex e-con e-child\" data-id=\"4d2dfff6\" data-element_type=\"container\">\n\t\t<div class=\"elementor-element elementor-element-7749fc94 e-con-full e-flex e-con e-child\" data-id=\"7749fc94\" data-element_type=\"container\">\n\t\t\t\t<div class=\"elementor-element elementor-element-0d90687 elementor--star-style-star_unicode elementor-star-rating--align-start elementor-widget elementor-widget-star-rating\" data-id=\"0d90687\" data-element_type=\"widget\" data-widget_type=\"star-rating.default\">\n\t\t\t\t<div class=\"elementor-widget-container\">\n\t\t\t\t\t\t\t<div class=\"elementor-star-rating__wrapper\">\n\t\t\t\t\t\t<div class=\"elementor-star-rating\" itemtype=\"http:\/\/schema.org\/Rating\" itemscope=\"\" itemprop=\"reviewRating\">\n\t\t\t\t<i class=\"elementor-star-full\" aria-hidden=\"true\">&#9733;<\/i><i class=\"elementor-star-full\" aria-hidden=\"true\">&#9733;<\/i><i class=\"elementor-star-full\" aria-hidden=\"true\">&#9733;<\/i><i class=\"elementor-star-full\" aria-hidden=\"true\">&#9733;<\/i><i class=\"elementor-star-full\" aria-hidden=\"true\">&#9733;<\/i>\t\t\t\t<span itemprop=\"ratingValue\" class=\"elementor-screen-only\">Rated 5 out of 5<\/span>\n\t\t\t<\/div>\n\t\t<\/div>\n\t\t\t\t\t\t<\/div>\n\t\t\t\t<\/div>\n\t\t\t\t<div class=\"elementor-element elementor-element-d81bb00 elementor-widget elementor-widget-heading\" data-id=\"d81bb00\" data-element_type=\"widget\" data-widget_type=\"heading.default\">\n\t\t\t\t<div class=\"elementor-widget-container\">\n\t\t\t\t\t<h2 class=\"elementor-heading-title elementor-size-default\">Cancelaci\u00f3n gratuita<\/h2>\t\t\t\t<\/div>\n\t\t\t\t<\/div>\n\t\t\t\t<div class=\"elementor-element elementor-element-d6e9abb elementor-blockquote--skin-clean elementor-blockquote--align-left elementor-blockquote--button-color-official elementor-widget elementor-widget-blockquote\" data-id=\"d6e9abb\" data-element_type=\"widget\" data-widget_type=\"blockquote.default\">\n\t\t\t\t<div class=\"elementor-widget-container\">\n\t\t\t\t\t\t\t<blockquote class=\"elementor-blockquote\">\n\t\t\t<p class=\"elementor-blockquote__content\">\n\t\t\t\tSe te reembolsar\u00e1 el 50% de cada actividad si cancelas con al menos 24 horas de antelaci\u00f3n al inicio de la mayor\u00eda de experiencias.\t\t\t<\/p>\n\t\t\t\t\t<\/blockquote>\n\t\t\t\t\t\t<\/div>\n\t\t\t\t<\/div>\n\t\t\t\t<\/div>\n\t\t<div class=\"elementor-element elementor-element-2d5e8ea1 e-con-full e-flex e-con e-child\" data-id=\"2d5e8ea1\" data-element_type=\"container\">\n\t\t\t\t<div class=\"elementor-element elementor-element-b8fadf2 elementor--star-style-star_unicode elementor-star-rating--align-start elementor-widget elementor-widget-star-rating\" data-id=\"b8fadf2\" data-element_type=\"widget\" data-widget_type=\"star-rating.default\">\n\t\t\t\t<div class=\"elementor-widget-container\">\n\t\t\t\t\t\t\t<div class=\"elementor-star-rating__wrapper\">\n\t\t\t\t\t\t<div class=\"elementor-star-rating\" itemtype=\"http:\/\/schema.org\/Rating\" itemscope=\"\" itemprop=\"reviewRating\">\n\t\t\t\t<i class=\"elementor-star-full\" aria-hidden=\"true\">&#9733;<\/i><i class=\"elementor-star-full\" aria-hidden=\"true\">&#9733;<\/i><i class=\"elementor-star-full\" aria-hidden=\"true\">&#9733;<\/i><i class=\"elementor-star-full\" aria-hidden=\"true\">&#9733;<\/i><i class=\"elementor-star-full\" aria-hidden=\"true\">&#9733;<\/i>\t\t\t\t<span itemprop=\"ratingValue\" class=\"elementor-screen-only\">Rated 5 out of 5<\/span>\n\t\t\t<\/div>\n\t\t<\/div>\n\t\t\t\t\t\t<\/div>\n\t\t\t\t<\/div>\n\t\t\t\t<div class=\"elementor-element elementor-element-6bcd975 elementor-widget elementor-widget-heading\" data-id=\"6bcd975\" data-element_type=\"widget\" data-widget_type=\"heading.default\">\n\t\t\t\t<div class=\"elementor-widget-container\">\n\t\t\t\t\t<h2 class=\"elementor-heading-title elementor-size-default\">Free cancellation<\/h2>\t\t\t\t<\/div>\n\t\t\t\t<\/div>\n\t\t\t\t<div class=\"elementor-element elementor-element-26317599 elementor-blockquote--skin-clean elementor-blockquote--align-left elementor-blockquote--button-color-official elementor-widget elementor-widget-blockquote\" data-id=\"26317599\" data-element_type=\"widget\" data-widget_type=\"blockquote.default\">\n\t\t\t\t<div class=\"elementor-widget-container\">\n\t\t\t\t\t\t\t<blockquote class=\"elementor-blockquote\">\n\t\t\t<p class=\"elementor-blockquote__content\">\n\t\t\t\tYou'll receive a 50% refund of each tour if you cancel at least 24 hours in advance of most experiences.\t\t\t<\/p>\n\t\t\t\t\t<\/blockquote>\n\t\t\t\t\t\t<\/div>\n\t\t\t\t<\/div>\n\t\t\t\t<\/div>\n\t\t\t\t<\/div>\n\t\t\t\t\t<\/div>\n\t\t\t\t<\/div>\n\t\t\t\t<\/div>","protected":false},"excerpt":{"rendered":"<p>Pagar aqu\u00ed PAYMENT LINK &#9733;&#9733;&#9733;&#9733;&#9733; 5\/5 Cancelaci\u00f3n gratuita Se te reembolsar\u00e1 el 50% de cada actividad si cancelas con al menos 24 horas de antelaci\u00f3n al inicio de la mayor\u00eda de experiencias. &#9733;&#9733;&#9733;&#9733;&#9733; 5\/5 Free cancellation You&#8217;ll receive a 50% refund of each tour if you cancel at least 24 hours in advance of most [&hellip;]<\/p>","protected":false},"author":1,"featured_media":0,"parent":0,"menu_order":0,"comment_status":"closed","ping_status":"closed","template":"","meta":{"site-sidebar-layout":"no-sidebar","site-content-layout":"page-builder","ast-site-content-layout":"full-width-container","site-content-style":"default","site-sidebar-style":"default","ast-global-header-display":"","ast-banner-title-visibility":"","ast-main-header-display":"","ast-hfb-above-header-display":"","ast-hfb-below-header-display":"","ast-hfb-mobile-header-display":"","site-post-title":"disabled","ast-breadcrumbs-content":"","ast-featured-img":"disabled","footer-sml-layout":"","theme-transparent-header-meta":"","adv-header-id-meta":"","stick-header-meta":"","header-above-stick-meta":"","header-main-stick-meta":"","header-below-stick-meta":"","astra-migrate-meta-layouts":"set","ast-page-background-enabled":"default","ast-page-background-meta":{"desktop":{"background-color":"","background-image":"","background-repeat":"repeat","background-position":"center center","background-size":"auto","background-attachment":"scroll","background-type":"","background-media":"","overlay-type":"","overlay-color":"","overlay-opacity":"","overlay-gradient":""},"tablet":{"background-color":"","background-image":"","background-repeat":"repeat","background-position":"center center","background-size":"auto","background-attachment":"scroll","background-type":"","background-media":"","overlay-type":"","overlay-color":"","overlay-opacity":"","overlay-gradient":""},"mobile":{"background-color":"","background-image":"","background-repeat":"repeat","background-position":"center center","background-size":"auto","background-attachment":"scroll","background-type":"","background-media":"","overlay-type":"","overlay-color":"","overlay-opacity":"","overlay-gradient":""}},"ast-content-background-meta":{"desktop":{"background-color":"var(--ast-global-color-5)","background-image":"","background-repeat":"repeat","background-position":"center center","background-size":"auto","background-attachment":"scroll","background-type":"","background-media":"","overlay-type":"","overlay-color":"","overlay-opacity":"","overlay-gradient":""},"tablet":{"background-color":"var(--ast-global-color-5)","background-image":"","background-repeat":"repeat","background-position":"center center","background-size":"auto","background-attachment":"scroll","background-type":"","background-media":"","overlay-type":"","overlay-color":"","overlay-opacity":"","overlay-gradient":""},"mobile":{"background-color":"var(--ast-global-color-5)","background-image":"","background-repeat":"repeat","background-position":"center center","background-size":"auto","background-attachment":"scroll","background-type":"","background-media":"","overlay-type":"","overlay-color":"","overlay-opacity":"","overlay-gradient":""}},"footnotes":""},"class_list":["post-3209","page","type-page","status-publish","hentry"],"_links":{"self":[{"href":"https:\/\/bestpanamatourss.com\/en\/wp-json\/wp\/v2\/pages\/3209","targetHints":{"allow":["GET"]}}],"collection":[{"href":"https:\/\/bestpanamatourss.com\/en\/wp-json\/wp\/v2\/pages"}],"about":[{"href":"https:\/\/bestpanamatourss.com\/en\/wp-json\/wp\/v2\/types\/page"}],"author":[{"embeddable":true,"href":"https:\/\/bestpanamatourss.com\/en\/wp-json\/wp\/v2\/users\/1"}],"replies":[{"embeddable":true,"href":"https:\/\/bestpanamatourss.com\/en\/wp-json\/wp\/v2\/comments?post=3209"}],"version-history":[{"count":34,"href":"https:\/\/bestpanamatourss.com\/en\/wp-json\/wp\/v2\/pages\/3209\/revisions"}],"predecessor-version":[{"id":3263,"href":"https:\/\/bestpanamatourss.com\/en\/wp-json\/wp\/v2\/pages\/3209\/revisions\/3263"}],"wp:attachment":[{"href":"https:\/\/bestpanamatourss.com\/en\/wp-json\/wp\/v2\/media?parent=3209"}],"curies":[{"name":"wp","href":"https:\/\/api.w.org\/{rel}","templated":true}]}}